{"id":1023,"date":"2016-09-19T10:45:05","date_gmt":"2016-09-19T10:45:05","guid":{"rendered":"http:\/\/www.buscarinstrumentos.com\/?page_id=1023"},"modified":"2021-05-08T12:59:30","modified_gmt":"2021-05-08T12:59:30","slug":"piano","status":"publish","type":"page","link":"https:\/\/www.buscarinstrumentos.com\/de\/","title":{"rendered":"Das Klavier | Einfache und vollst\u00e4ndige Anleitung"},"content":{"rendered":"<p>Es gibt mehrere Websites \u00fcber Klaviere, und unsere Absicht ist nicht, Wikipedia zu ersetzen, aber wir werden Ihnen alle Informationen \u00fcber dieses Instrument geben. Qualitativ hochwertige Informationen, egal ob Sie nach einem Klavier oder Keyboard suchen, das Sie kaufen m\u00f6chten, oder ob Sie nach Ressourcen suchen, um das Spielen zu lernen. Fahren Sie also fort, abgesehen von all den Informationen, die Sie unter den folgenden Links finden werden, wenn Sie wichtige Informationen finden.<\/p>\n<div style=\"text-align: center; margin-bottom: 40px; margin-top: 20px;\"><a style=\"text-decoration: none; color: #fff;  background-image: none!important; background-color: #1abc9c !important; padding: 12px 15px;\" href=\"https:\/\/www.buscarinstrumentos.com\/de\/learn-piano\/ \" target=\"_blank\" rel=\"nofollow\">Klavier und Keyboard lernen<\/a><\/div>\n<div style=\"text-align: center; margin-bottom: 40px; margin-top: 20px;\"><a style=\"text-decoration: none; color: #fff;  background-image: none!important; background-color: #1abc9c !important; padding: 12px 15px;\" href=\"https:\/\/www.buscarinstrumentos.com\/de\/types-of-piano\/ \" target=\"_blank\" rel=\"nofollow\">Klaviertypen<\/a><\/div>\n<div style=\"text-align: center; margin-bottom: 40px; margin-top: 20px;\"><a style=\"text-decoration: none; color: #fff;  background-image: none!important; background-color: #1abc9c !important; padding: 12px 15px;\" href=\"https:\/\/www.buscarinstrumentos.com\/de\/digital-piano\/ \" target=\"_blank\" rel=\"nofollow\">DIgitales Klavier<\/a><\/div>\n<div style=\"text-align: center; margin-bottom: 40px; margin-top: 20px;\"><a style=\"text-decoration: none; color: #fff;  background-image: none!important; background-color: #1abc9c !important; padding: 12px 15px;\" href=\"https:\/\/www.buscarinstrumentos.com\/en\/midi-keyboards\/ \" target=\"_blank\" rel=\"nofollow\">MIDI-Keyboards<\/a><\/div>\n<p>&nbsp;<\/p>\n<p>Das Klavier ist ein <strong>harmonisches Instrument<\/strong>, das als Tastatur und Perkussionssaite klassifiziert wird. Aber es wird nicht als Schlaginstrument an sich betrachtet, obwohl es in bestimmten Kreisen einige Diskussionen gibt. Obwohl wir die typische Frage nat\u00fcrlich nicht unbeantwortet lassen k\u00f6nnen:<\/p>\n<p><strong>Wer hat das Klavier erfunden?<\/strong> Das Klavier, wie wir es kennen, wurde um 1700 von Paduano Bartolomeo erfunden, obwohl es bereits \u00e4hnliche Instrumente gab, die als Vorfahren des <strong>Clavichords<\/strong> angesehen werden k\u00f6nnen.<\/p>\n<p>Aber dieses Instrument ist in seinen Funktionen und M\u00f6glichkeiten gewachsen. Es wird zu einem wichtigen Element f\u00fcr jeden Musiker eines bestimmten Niveaus oder f\u00fcr jeden, der sich in der Musik weiterentwickeln m\u00f6chte.<\/p>\n<p>Das Klavier ist wahrscheinlich das vielseitigste harmonische Instrument. Es erm\u00f6glicht es, im Soloformat zu spielen und dabei gleichzeitig eine Melodie und eine harmonische Linie zu spielen oder andere Soloinstrumente mit harmonischen Grundlagen und Akkorden zu begleiten, wie es eine Gitarre tun kann. Aber wir d\u00fcrfen eine weitere Hauptfunktion nicht vergessen,<strong> es ist ein grundlegendes Kompositionswerkzeug<\/strong>.<\/p>\n<p>&nbsp;<\/p>\n<blockquote><p>Das Klavier ist ein Kompositionswerkzeug, das viel einfacher und visueller ist als andere harmonische Instrumente wie die Gitarre.<\/p>\n<p>(Jeder Musiklehrer&#8230;.)<\/p><\/blockquote>\n<p>Deshalb ist das Erlernen des Klavierspiels oder des Keyboards zu Hause so n\u00fctzlich. Wenn Sie einen Akkord spielen m\u00fcssen, um zu sehen, wie das Lied in Ihrem Kopf klingt, ist es viel einfacher, es auf der Klaviertastatur zu spielen als auf einer Gitarre.<\/p>\n<p><strong>Beim Klavier muss man nur die Noten der Tastatur und die Noten, aus denen der Akkord besteht, kennen<\/strong>, das ist viel visueller. Mit ein wenig Wissen kann man komponieren, und mit der Gitarre sind bestimmte Positionen f\u00fcr verschiedene Akkorde sehr komplex und das Komponieren wird zu einer viel schwierigeren Aufgabe.<\/p>\n<p>Aus diesem Grund wird Klavier am Konservatorium (klassische Musikschule) immer als zus\u00e4tzliches Instrument unterrichtet. Wenn Sie also Autodidakt sind, ist es sehr interessant, dass Sie sich einige Grundkenntnisse \u00fcber dieses Instrument aneignen, um in Ihren Kompositionen viel mehr zu erfahren und sie auf ein anderes Niveau zu bringen.<\/p>\n<p>Ich habe Ihnen vom Klavier erz\u00e4hlt, es ist so ein tolles Instrument. Nun, um Ihnen etwas mehr zu vermitteln, werden wir \u00fcber die <strong>Arten von Klavieren <\/strong>und Keyboards sprechen, die Ihnen zur Verf\u00fcgung stehen.<\/p>\n<h2 id=\"tab-con-2\">Arten von Klavieren.<\/h2>\n<p>Es gibt verschiedene Arten von Klavier, aus denen man w\u00e4hlen kann, und zweifellos ist eine der Variablen, die sie unterscheidet, die <strong>Gr\u00f6\u00dfe<\/strong>, die sie am wichtigsten ist. Vom riesigen Fl\u00fcgel, auf den sich ein S\u00e4nger legen kann, bis hin zur elektronischen Tastatur, die Sie in einem kleinen Raum in Ihrem Haus haben k\u00f6nnen.<\/p>\n<p><span style=\"width: 100%;\"> <a href=\"https:\/\/www.buscarinstrumentos.com\/de\/wp-content\/uploads\/2019\/09\/piano-types.jpg\" rel=\"\"><img loading=\"lazy\" decoding=\"async\" class=\"aligncenter\" style=\"width: 100%;\" title=\"piano-types\" src=\"https:\/\/www.buscarinstrumentos.com\/de\/wp-content\/uploads\/2019\/09\/piano-types.jpg\" alt=\"piano types\" width=\"800\" height=\"300\" data-id=\"9015\" \/><\/a> <\/span><\/p>\n<ul>\n<li>Fl\u00fcgel: Der gr\u00f6\u00dfte und l\u00e4ngste, wird in gro\u00dfen Konzerten verwendet, hat eine gro\u00dfe Pr\u00e4senz und einen hohen \u00e4sthetischen Wert und genie\u00dft in der Regel den besten Klang. Obwohl er sehr unhandlich ist, weil sein Gewicht normalerweise 300 kg \u00fcbersteigt, ist er keine gute Wahl, um ihn zu einer Jam-Session mitzubringen&#8230;<\/li>\n<li>Piano: Es ist wirklich ein Piano und seine gesamte Mechanik ist auf diese Anordnung ausgerichtet. Sie lassen sich leichter in H\u00e4usern und an Orten platzieren. Daher sind sie in der Regel Bestseller, obwohl sie immer noch sehr schwer sind und leicht 200 kg erreichen k\u00f6nnen.<\/li>\n<li>Digitales Klavier oder elektronisches Keyboard: Heute die vielseitigste Option sowohl f\u00fcr seine Tragbarkeit als auch f\u00fcr seinen Preis. Ihr Klang hat sich sehr verbessert und die gewichteten Tastaturen f\u00fchlen sich fast wie ein mechanisches Klavier an. Heutzutage ist es aus offensichtlichen Gr\u00fcnden die am h\u00e4ufigsten gew\u00e4hlte Option.<\/li>\n<\/ul>\n<p>Erstklassige Pianisten werden immer das Vergn\u00fcgen bevorzugen, auf einem Fl\u00fcgel zu spielen, weil sein Anschlag und sein Klang un\u00fcbertroffen sind (ebenso wie sein Preis), aber heutzutage sind viele Menschen in elektronische Tastaturen verliebt, weil sie damit auch eine Welt der modernen Musik er\u00f6ffnen.<\/p>\n<p>Elektronische Tastaturen und elektronische Klaviere k\u00f6nnen Ihren Geist f\u00fcr Kl\u00e4nge \u00f6ffnen, die in einem Fl\u00fcgel und Klavier nicht m\u00f6glich sind. Als Elektroniker haben Sie viele Effekte und Erg\u00e4nzungen, die es Ihnen erm\u00f6glichen, Funk, Elektroschwung&#8230;<\/p>\n<p><img loading=\"lazy\" decoding=\"async\" class=\"aligncenter\" style=\"width: 252px;\" src=\"https:\/\/www.buscarinstrumentos.com\/de\/wp-content\/uploads\/2016\/09\/Herbie-Hancock-y-teclados.jpg\" alt=\"Herbie Hancock with Keyboards\" width=\"252\" height=\"310\" \/><\/p>\n<p style=\"text-align: center;\">Herbie Hancock mit Tastaturen<\/p>\n<p>Es gibt viel \u00fcber Klaviere und ihre Typen zu erz\u00e4hlen, Sie k\u00f6nnen unter dem folgenden Link mehr erfahren<\/p>\n<p>&nbsp;<\/p>\n<blockquote>\n<p style=\"text-align: center;\"><strong><a href=\"https:\/\/www.buscarinstrumentos.com\/de\/types-of-piano\/\" target=\"_blank\" rel=\"noopener\">Erfahren Sie mehr \u00fcber Klaviertypen und Zubeh\u00f6r&gt;&gt;<\/a><\/strong><\/p>\n<\/blockquote>\n<h2 id=\"tab-con-3\">Klavier und Digital Keyboard lernen<\/h2>\n<p>Viele Menschen stellen sich mehrere Fragen, wenn sie das Klavierspiel in Betracht ziehen. Brauchen wir Unterricht? K\u00f6nnen wir selbst lernen? Ist es notwendig, Partituren zu lesen?<\/p>\n<p>Es gibt viele Pianisten, die autodidaktisch gelernt haben, und es gibt viele Werke, die einfach durch Zeigen der zu dr\u00fcckenden Taste auf dem Klavier geschrieben wurden. <strong>Es sind Menschen, die das Spiel nach dem Geh\u00f6r gelernt haben,<\/strong> was bei Gitarristen sehr h\u00e4ufig vorkommt. Ber\u00fchmte Pianisten wie Richard Rodgers begannen mit dem Klavierspiel, indem sie einfach mit dem Klavier experimentierten und improvisierten.<\/p>\n<p><img loading=\"lazy\" decoding=\"async\" class=\"aligncenter\" style=\"width: 190px;\" src=\"https:\/\/www.buscarinstrumentos.com\/de\/wp-content\/uploads\/2016\/09\/Richard-Rodgers.jpg\" alt=\"Richard Rodgers aprendi\u00f3 inicialmente improvisando\" width=\"190\" height=\"247\" \/><\/p>\n<p><strong>Das Klavier hat einige unbestreitbare Vorteile: Es ist einfach, die Noten zu sehen, und es gen\u00fcgt, sie zu dr\u00fccken, damit das Klavier gut klingt (wenn es gut gestimmt ist). Das macht es leichter, mit ihm zu experimentieren.<\/strong><\/p>\n<p>Nat\u00fcrlich ist nicht jeder in der Lage, das Klavierspielen alleine zu erlernen, denn dies erfordert einen gro\u00dfen Willen und ein intelligentes Selbststudium.<\/p>\n<p><strong>Die Teilnahme an Kursen kostet Geld, und wenn Sie sich diese leisten k\u00f6nnen, wird dies immer ein Vorteil sein<\/strong>, denn dadurch werden Blockaden vermieden und es werden schnellere Fortschritte erzielt, au\u00dferdem werden <strong>schlechte Gewohnheiten<\/strong> beim Ber\u00fchren vermieden, die gef\u00e4hrlich sein und Verletzungen verursachen k\u00f6nnen, wenn man viele Stunden studiert.<\/p>\n<p>Klaviertastaturen und andere musikalische Tastaturen haben eine weitere sehr interessante Art des Lernens er\u00f6ffnet, einen Mittelweg zwischen pers\u00f6nlichem und autodidaktischem Lernen und viel billiger. Eine digitale Tastatur kann an einen Computer angeschlossen werden, so dass bestimmte progressive Lernsoftware uns helfen und uns in einem guten Tempo voranbringen kann.<\/p>\n<p>Wie Sie sehen k\u00f6nnen, gibt es beim Klavierlernen eine Menge an Themen, die zu behandeln sind. Und wir haben einen ganzen Abschnitt, in dem wir Ihnen Informationen zu den oben besprochenen Themen geben werden. Wir werden die besten M\u00f6glichkeiten besprechen, wie Sie das Klavierspielen auf eigene Faust lernen k\u00f6nnen, Tipps f\u00fcr die Auswahl eines Lehrers, Tutorials, die Ihnen gefallen werden, wie Sie Verletzungen vermeiden k\u00f6nnen, und neue Trends in der Computermusik f\u00fcr das Klavierlernen. Klicken Sie auf den folgenden Link, wenn Sie mehr \u00fcber das Thema erfahren m\u00f6chten.<\/p>\n<p>&nbsp;<\/p>\n<blockquote>\n<p style=\"text-align: center;\"><strong><a href=\"https:\/\/www.buscarinstrumentos.com\/de\/learn-piano\/\" target=\"_blank\" rel=\"noopener\">Klavier und Digital Keyboard spielen lernen&gt;&gt;<\/a><\/strong><\/p>\n<\/blockquote>\n<h2 id=\"tab-con-4\">Das elektronische Klavier und Keyboards<\/h2>\n<p>Wir haben in den vorangegangenen Abschnitten bereits ein wenig \u00fcber ihn gesprochen, aber die rasche Entwicklung der Technik veranlasst uns, ihm einen ganzen Abschnitt zu widmen.<\/p>\n<p><strong>Die ersten elektrischen Klaviere gehen auf den Beginn des 20. Jahrhunderts zur\u00fcck, aber die eigentliche Entwicklung von elektronischen Tastaturen und Synthesizern fand haupts\u00e4chlich in den 1970er Jahren statt.<\/strong> Denken Sie daran, dass ein Synthesizer einfach ein Ger\u00e4t ist, das einen Klang ausstrahlt. Und wenn eine Tastatur daran gekoppelt ist, w\u00e4re eine Tastatur ein Synthesizer,<strong> aber Tastaturen sind keine Klaviere, wenn sie nicht mindestens 88 Tasten haben.<\/strong> Was ist die minimale Anzahl von Tasten, die ein echtes Klavier normalerweise hat.<\/p>\n<p>Wenn Sie zu Hause bereits eine Wand oder einen Fl\u00fcgel zum Lernen haben, ist dies nat\u00fcrlich immer die beste Option, denn der Anschlag und der Klang werden immer echt sein, und dieser Klang wird von Streichern erzeugt und durch den harmonischen Tisch des Klaviers verst\u00e4rkt. Digitale Klaviere versuchen, echte Klaviere zu imitieren. Vergessen Sie das nicht.<\/p>\n<p>Obwohl, wie wir im Lernabschnitt erw\u00e4hnt haben, bieten digitale Klaviere heute eine sehr leistungsf\u00e4hige Verbindung zum Computer und Klangm\u00f6glichkeiten. Sowohl f\u00fcr das Lernen als auch f\u00fcr die Musikproduktion. Und mechanische Klaviere ben\u00f6tigen ein zus\u00e4tzliches Klangmodul, um ihr Klangsignal zu digitalisieren. Und dieses Modul ist in der Regel teuer, unabh\u00e4ngig davon, ob das Klavier serienm\u00e4\u00dfig oder sp\u00e4ter eingebaut wird.<\/p>\n<p>Einige Vorteile eines elektronischen Klaviers:<\/p>\n<ul>\n<li>Digitale Tonausgabe in verschiedenen Formaten: schaffung der M\u00f6glichkeit, das, was wir spielen, mit der entsprechenden Software aufzuzeichnen oder mit Musiknotation aufzunehmen.<\/li>\n<li>Tragbarkeit: Viele sind tragbar und leicht, was es einfacher macht, Konzerte im kleinen und mittleren Format zu geben, was die Kosten reduziert und den Gewinn erh\u00f6ht.<\/li>\n<li>Der Preis: Sie sind deutlich billiger als aufrecht stehende oder fl\u00fcgelmechanische Klaviere.<\/li>\n<li>Lernen: Die digitale Ausgabe des Klangs auf den Computer erlaubt uns auch die Verwendung von Lernsoftware zum Klavierspielen.<\/li>\n<\/ul>\n<p>Die Technologien der elektronischen oder digitalen Klaviere haben erheblich zugenommen, und jedes Mal \u00e4hneln Anschlag und Klang dem eines mechanischen Klaviers mehr. Wenn Sie mit einem Fl\u00fcgel oder Wandmodell lernen k\u00f6nnen, ist es das beste, aber digitale Modelle sind heute eine sehr sch\u00f6ne Option. Viele Leute studieren mit einem an der Wand befestigten Modell, haben dann aber eine elektronische Tastatur, die sie zu den Auff\u00fchrungen mitnehmen k\u00f6nnen.<\/p>\n<h3 id=\"tab-con-5\">Ist ein elektronisches Klavier dasselbe wie eine MIDI-Tastatur und ein Synthesizer?<\/h3>\n<p>Okay, eine weitere wichtige Frage. MIDI ist eine Art der Klangausgabe, die Tastaturen mit dem Computer verbinden und mit verschiedener Software interagieren m\u00fcssen. Das bedeutet, dass sowohl ein Digitalpiano als auch eine Tastatur einen MIDI-Ausgang haben k\u00f6nnen.<\/p>\n<p>Das Digitalpiano (oder elektronische Klavier) unterscheidet sich von einem MIDI-Keyboard und einem Synthesizer im Wesentlichen durch die Anzahl der Tasten und deren gewichtete Tasten, um das Gef\u00fchl zu vermitteln, dass Sie ein echtes Klavier spielen. Die MIDI-Tastatur hingegen ist f\u00fcr den Anschluss an den Computer gedacht, nicht f\u00fcr das Musikstudium oder die Klavierarbeit. Wie wir sehen werden, gibt die MIDI-Tastatur keinen Ton ab, die Synthesizertastatur hingegen schon.<\/p>\n<p>Ein Digitalpiano hat normalerweise mindestens 88 Tasten und gen\u00fcgend Stimmen, um jedes beliebige Musikwerk spielen zu k\u00f6nnen. Die Tastatur ohne Klavier (entweder eine MIDI-Tastatur oder ein Synthesizer) hat weniger Tasten und diese sind nicht gewichtet. Die Tastaturen mit weniger als 88 Tasten k\u00f6nnte man als trockene Musiktastaturen bezeichnen. Wenn Sie mehr \u00fcber Digitalpianos wissen m\u00f6chten, besuchen Sie unseren n\u00e4chsten Link:<\/p>\n<p>&nbsp;<\/p>\n<blockquote>\n<p style=\"text-align: center;\"><a href=\"https:\/\/www.buscarinstrumentos.com\/de\/digital-piano\/\"><strong><u>Alles \u00fcber das elektronische Klavier und andere musikalische Tastaturen (Sie finden Hunderte von Rezensionen in diesem Abschnitt)&gt;&gt;<\/u><\/strong><\/a><\/p>\n<\/blockquote>\n<h2 id=\"tab-con-6\">Die MIDI-Tastatur<\/h2>\n<p>MIDI-Keyboards sollen ein Werkzeug sein, das uns hilft, Musik mit dem Computer zu machen oder zu verarbeiten. Auf der Tastatur spielen wir die Noten und Akkorde, die digitalisiert werden und \u00fcber die MIDI-Schnittstelle zum Computer gelangen. Es ist dann der Computer mit der entsprechenden Software, der den Klang erzeugt und verarbeitet.<\/p>\n<p>Auf der MIDI-Tastatur kommt es darauf an, Noten spielen zu k\u00f6nnen, es spielt keine Rolle, ob man mehr oder weniger stark spielen kann. Es wird auch nicht die Anzahl der Oktaven importiert, denn sp\u00e4ter im Computer k\u00f6nnen wir die Noten ver\u00e4ndern und transportieren. Das Ziel ist es nicht, ein Musikst\u00fcck mit zwei H\u00e4nden zu spielen.<\/p>\n<p>Diese Arten von MIDI-Keyboards werden h\u00e4ufig bei der Komposition und Produktion von Computermusik verwendet. Gut an den Computer angeschlossen kann alles sein, was Sie wollen, von einer einfachen Tastatur bis hin zu jedem Instrument dank Synthesizer-Effekten. Es h\u00e4ngt alles von der richtigen Software ab.<\/p>\n<p>Wenn Sie viel mehr \u00fcber diese Ger\u00e4te, Effekte und Kuriosit\u00e4ten wissen wollen, lassen wir Ihnen unsere Sektion, die ihnen gewidmet ist, im folgenden Link:<\/p>\n<p>&nbsp;<\/p>\n<blockquote>\n<p style=\"text-align: center;\"><strong><a href=\"https:\/\/www.buscarinstrumentos.com\/en\/midi-keyboards\/\" target=\"_blank\" rel=\"noopener\">MIDI-Tastaturen&gt;&gt;<\/a><\/strong><\/p>\n<\/blockquote>\n","protected":false},"excerpt":{"rendered":"<p>Es gibt mehrere Websites \u00fcber Klaviere, und unsere Absicht ist nicht, Wikipedia zu ersetzen, aber wir werden Ihnen alle Informationen \u00fcber dieses Instrument geben. Qualitativ hochwertige Informationen, egal ob Sie nach einem Klavier oder Keyboard suchen, das Sie kaufen m\u00f6chten, oder ob Sie nach Ressourcen suchen, um das Spielen zu lernen. Fahren Sie also fort, [&hellip;]<\/p>\n","protected":false},"author":2,"featured_media":0,"parent":0,"menu_order":0,"comment_status":"closed","ping_status":"closed","template":"","meta":{"footnotes":""},"class_list":["post-1023","page","type-page","status-publish","hentry"],"_links":{"self":[{"href":"https:\/\/www.buscarinstrumentos.com\/de\/wp-json\/wp\/v2\/pages\/1023","targetHints":{"allow":["GET"]}}],"collection":[{"href":"https:\/\/www.buscarinstrumentos.com\/de\/wp-json\/wp\/v2\/pages"}],"about":[{"href":"https:\/\/www.buscarinstrumentos.com\/de\/wp-json\/wp\/v2\/types\/page"}],"author":[{"embeddable":true,"href":"https:\/\/www.buscarinstrumentos.com\/de\/wp-json\/wp\/v2\/users\/2"}],"replies":[{"embeddable":true,"href":"https:\/\/www.buscarinstrumentos.com\/de\/wp-json\/wp\/v2\/comments?post=1023"}],"version-history":[{"count":5,"href":"https:\/\/www.buscarinstrumentos.com\/de\/wp-json\/wp\/v2\/pages\/1023\/revisions"}],"predecessor-version":[{"id":16363,"href":"https:\/\/www.buscarinstrumentos.com\/de\/wp-json\/wp\/v2\/pages\/1023\/revisions\/16363"}],"wp:attachment":[{"href":"https:\/\/www.buscarinstrumentos.com\/de\/wp-json\/wp\/v2\/media?parent=1023"}],"curies":[{"name":"wp","href":"https:\/\/api.w.org\/{rel}","templated":true}]}}