{"id":4955,"date":"2018-05-22T10:35:25","date_gmt":"2018-05-22T10:35:25","guid":{"rendered":"https:\/\/www.buscarinstrumentos.com\/de\/?page_id=4955"},"modified":"2020-03-31T17:32:56","modified_gmt":"2020-03-31T17:32:56","slug":"who-are-we","status":"publish","type":"page","link":"https:\/\/www.buscarinstrumentos.com\/de\/who-are-we\/","title":{"rendered":"Wer sind wir?"},"content":{"rendered":"<h1><strong>Willkommen in meinem Blog<\/strong><\/h1>\n<p><span style=\"width: 100%;\"><a href=\"https:\/\/www.buscarinstrumentos.com\/de\/wp-content\/uploads\/2018\/04\/retrato-jaime-echague.jpg\" rel=\"\"><img loading=\"lazy\" decoding=\"async\" class=\"aligncenter\" title=\"retrato-jaime-echague\" src=\"\/\/www.buscarinstrumentos.com\/wp-content\/uploads\/2018\/04\/retrato-jaime-echague.jpg\" alt=\"\" width=\"400\" height=\"389\" data-id=\"4753\" \/><\/a><\/span><\/p>\n<p style=\"text-align: center;\">Jaime Echag\u00fce<\/p>\n<p style=\"text-align: center;\">Autor<\/p>\n<h1><\/h1>\n<p>Hallo! Mein Name ist Jaime Echag\u00fce und ich bin der Webmaster dieses Blogs. Ich bin Musiker und Multi-Instrumentalist. Mein erstes Instrument ist das Saxophon, aber ich spiele alles, was ich um mich herum habe und mit dem man Musik machen kann.Ich liebe die Technologie und das Musikmarketing und wenn Sie mehr dar\u00fcber wissen wollen, warum ich BuscarInstrumentos geschaffen habe, lade ich Sie ein, weiter unten zu lesen.<\/p>\n<h2>Die Anf\u00e4nge von BuscarInstrumentos.com<\/h2>\n<p>Diese Website wurde 2015 ins Leben gerufen und seitdem schreibe ich Rezensionen \u00fcber Musikinstrumente. Als guter Musiker habe ich um 2006 begonnen, Musikinstrumente online zu kaufen. Ich erkannte, dass sehr vorteilhafte Preise erzielt werden konnten, und diese Gesch\u00e4fte hatten einen viel gr\u00f6\u00dferen Vorrat als die physischen Gesch\u00e4fte.<\/p>\n<p>Es muss gesagt werden, dass ich immer dann, wenn ich in physischen L\u00e4den kaufen kann, es aber oft nicht m\u00f6glich ist, das auszuprobieren, was ich suche, weil es dort direkt nicht viel Abwechslung gibt. Dort habe ich angefangen, online einzukaufen, aber ich habe festgestellt, dass es nicht viele Informationen auf Spanisch gibt. Es war alles auf Englisch. Obwohl dies die englische Version ist, weil viele Leute mich gebeten haben, den Blog zu \u00fcbersetzen.<\/p>\n<p>Meine Idee mit diesem Blog ist es, qualitativ hochwertige Informationen auf Spanisch und Englisch \u00fcber Musikinstrumente zu geben und die Hilfe zu geben, die ich vor einigen Jahren gerne gehabt h\u00e4tte. Ich hoffe, dass Ihnen mein Blog gef\u00e4llt und Sie ihn n\u00fctzlich finden. Wenn Sie mich weiter unten kontaktieren m\u00f6chten, k\u00f6nnen Sie dies \u00fcber Facebook oder die Kontaktseite unten auf dieser Seite tun. Und nat\u00fcrlich z\u00f6gern Sie nicht, meinen Blog weiterzugeben, wenn Sie denken, dass er f\u00fcr jemanden n\u00fctzlich sein k\u00f6nnte. Danke, dass Sie mich gelesen haben!<\/p>\n","protected":false},"excerpt":{"rendered":"<p>Willkommen in meinem Blog Jaime Echag\u00fce Autor Hallo! Mein Name ist Jaime Echag\u00fce und ich bin der Webmaster dieses Blogs. Ich bin Musiker und Multi-Instrumentalist. Mein erstes Instrument ist das Saxophon, aber ich spiele alles, was ich um mich herum habe und mit dem man Musik machen kann.Ich liebe die Technologie und das Musikmarketing und [&hellip;]<\/p>\n","protected":false},"author":2,"featured_media":0,"parent":0,"menu_order":0,"comment_status":"closed","ping_status":"closed","template":"","meta":{"footnotes":""},"class_list":["post-4955","page","type-page","status-publish","hentry"],"_links":{"self":[{"href":"https:\/\/www.buscarinstrumentos.com\/de\/wp-json\/wp\/v2\/pages\/4955","targetHints":{"allow":["GET"]}}],"collection":[{"href":"https:\/\/www.buscarinstrumentos.com\/de\/wp-json\/wp\/v2\/pages"}],"about":[{"href":"https:\/\/www.buscarinstrumentos.com\/de\/wp-json\/wp\/v2\/types\/page"}],"author":[{"embeddable":true,"href":"https:\/\/www.buscarinstrumentos.com\/de\/wp-json\/wp\/v2\/users\/2"}],"replies":[{"embeddable":true,"href":"https:\/\/www.buscarinstrumentos.com\/de\/wp-json\/wp\/v2\/comments?post=4955"}],"version-history":[{"count":4,"href":"https:\/\/www.buscarinstrumentos.com\/de\/wp-json\/wp\/v2\/pages\/4955\/revisions"}],"predecessor-version":[{"id":16239,"href":"https:\/\/www.buscarinstrumentos.com\/de\/wp-json\/wp\/v2\/pages\/4955\/revisions\/16239"}],"wp:attachment":[{"href":"https:\/\/www.buscarinstrumentos.com\/de\/wp-json\/wp\/v2\/media?parent=4955"}],"curies":[{"name":"wp","href":"https:\/\/api.w.org\/{rel}","templated":true}]}}