{"id":20520,"date":"2021-09-27T14:07:05","date_gmt":"2021-09-27T14:07:05","guid":{"rendered":"https:\/\/www.buscarinstrumentos.com\/fr\/guitares\/?page_id=20520"},"modified":"2021-09-27T14:07:05","modified_gmt":"2021-09-27T14:07:05","slug":"guitares","status":"publish","type":"page","link":"https:\/\/www.buscarinstrumentos.com\/fr\/guitares\/","title":{"rendered":"Guide facile de la guitare"},"content":{"rendered":" La guitare est aujourd&rsquo;hui l&rsquo;instrument de musique le plus populaire au monde et cela est d\u00fb \u00e0 plusieurs facteurs. La guitare est un instrument \u00e0 cordes harmoniques qui peut \u00eatre utilis\u00e9 comme instrument d&rsquo;accompagnement ou comme instrument solo. D&rsquo;autre part, c&rsquo;est un instrument de musique tr\u00e8s facile \u00e0 transporter et dont la courbe d&rsquo;apprentissage est raisonnable (dans une certaine mesure). Instrument harmonique signifie qu&rsquo;il peut faire des accords. Ce serait plus ou moins le \u00ab\u00a0coussin\u00a0\u00bb sur lequel repose une m\u00e9lodie telle qu&rsquo;une chanson. Un accord est compos\u00e9 de plusieurs notes \u00e0 la fois et chaque corde produit une note. Mais la guitare est non seulement tr\u00e8s populaire en raison des facteurs d\u00e9crits ci-dessus, mais aussi parce que vous pouvez obtenir des guitares d\u00e9centes pour un <strong>prix relativement bas<\/strong>. Pour aussi peu que 100 euros, vous pouvez obtenir des <strong>guitares tr\u00e8s basiques<\/strong>, mais elles sont bonnes pour l&rsquo;apprentissage car elles restent accord\u00e9es assez longtemps. Cela a conduit \u00e0 une augmentation remarquable de sa popularit\u00e9 et son utilisation s&rsquo;est g\u00e9n\u00e9ralis\u00e9e dans le monde classique ainsi que dans la musique populaire et commerciale du monde entier. En bref, la guitare est un instrument facile \u00e0 commencer \u00e0 jouer et raisonnablement abordable. Mais cela n&rsquo;enl\u00e8ve rien au fait que <strong>pour le ma\u00eetriser <\/strong>comme un ma\u00eetre, il faut \u00e9tudier comme tout autre instrument. C&rsquo;est simplement que l&rsquo;atteinte d&rsquo;un certain niveau est plus rapide qu&rsquo;avec d&rsquo;autres instruments. De plus, il y a un certain succ\u00e8s \u00e0 l&rsquo;apprendre de mani\u00e8re autodidacte.<\/p>\n<h2>Apprendre \u00e0 jouer de la guitare<\/h2>\n<p>Vous pouvez apprendre \u00e0 jouer de la guitare de diff\u00e9rentes mani\u00e8res et \u00e0 diff\u00e9rents niveaux. La v\u00e9rit\u00e9 est que la guitare est g\u00e9n\u00e9ralement un instrument qui vous \u00ab\u00a0permet\u00a0\u00bb de jouer tr\u00e8s bien de mani\u00e8re autodidacte. Tout le monde n&rsquo;a pas les moyens de payer des le\u00e7ons et cela peut \u00eatre un probl\u00e8me. Bien s\u00fbr, je ne veux pas non plus vous tromper, avec un professeur on va plus vite et on apprend mieux. Mais il existe des solutions qui favorisent d\u00e9sormais un apprentissage bon march\u00e9 et de qualit\u00e9. Sur Internet, vous pouvez trouver des vid\u00e9os <strong>gratuites pour apprendre \u00e0 jouer de la guitare<\/strong>. Attention, la gratuit\u00e9 totale n&rsquo;est pas toujours une bonne chose. La personne qui r\u00e9alise la vid\u00e9o ne vit pas de l&rsquo;antenne et veut g\u00e9n\u00e9ralement (avec toutes les justifications) le faire pour obtenir une \u00ab\u00a0autorit\u00e9\u00a0\u00bb dans le secteur. Vous pouvez apprendre \u00e0 <strong>peu de frais,<\/strong> le probl\u00e8me avec les cha\u00eenes Youtube et le fait que vous cherchez des le\u00e7ons est que vous pouvez sauter la progressivit\u00e9. Vous pouvez passer d&rsquo;une vid\u00e9o de niveau \u00e0 une autre et la distance qui les s\u00e9pare en termes de niveau est tr\u00e8s grande. Vous serez d\u00e9motiv\u00e9 et m\u00eame d\u00e9pass\u00e9 par les \u00e9v\u00e9nements<\/p>\n<h2>Types de guitares<\/h2>\n<p>Cela dit, passons en revue les diff\u00e9rents<strong> types de guitare<\/strong>, car cette popularit\u00e9 a d\u00e9velopp\u00e9 un monde immense dans lequel il est facile de se perdre. Les principaux types de guitares que nous allons examiner sont les suivants : <a href=\"https:\/\/www.buscarinstrumentos.com\/fr\/guitares\/wp-content\/uploads\/2021\/09\/types-de-guitares.jpg\"><img loading=\"lazy\" decoding=\"async\" class=\"alignnone size-full wp-image-20097\" src=\"https:\/\/www.buscarinstrumentos.com\/fr\/guitares\/wp-content\/uploads\/2021\/09\/types-de-guitares.jpg\" alt=\"\" width=\"700\" height=\"501\" srcset=\"https:\/\/www.buscarinstrumentos.com\/fr\/guitares\/wp-content\/uploads\/2021\/09\/types-de-guitares.jpg 700w, https:\/\/www.buscarinstrumentos.com\/fr\/guitares\/wp-content\/uploads\/2021\/09\/types-de-guitares-300x215.jpg 300w, https:\/\/www.buscarinstrumentos.com\/fr\/guitares\/wp-content\/uploads\/2021\/09\/types-de-guitares-150x107.jpg 150w, https:\/\/www.buscarinstrumentos.com\/fr\/guitares\/wp-content\/uploads\/2021\/09\/types-de-guitares-38x27.jpg 38w, https:\/\/www.buscarinstrumentos.com\/fr\/guitares\/wp-content\/uploads\/2021\/09\/types-de-guitares-250x179.jpg 250w, https:\/\/www.buscarinstrumentos.com\/fr\/guitares\/wp-content\/uploads\/2021\/09\/types-de-guitares-140x100.jpg 140w, https:\/\/www.buscarinstrumentos.com\/fr\/guitares\/wp-content\/uploads\/2021\/09\/types-de-guitares-559x400.jpg 559w, https:\/\/www.buscarinstrumentos.com\/fr\/guitares\/wp-content\/uploads\/2021\/09\/types-de-guitares-675x483.jpg 675w\" sizes=\"auto, (max-width: 700px) 100vw, 700px\" \/><\/a><\/p>\n<h2>Guitare \u00e9lectrique<\/h2>\n<p>La guitare \u00e9lectrique est le roi des ventes et reste sans doute l&rsquo;instrument le plus populaire malgr\u00e9 le fait que la musique \u00e9lectronique et les synth\u00e9tiseurs lui volent beaucoup de place. Il n&rsquo;a pas de table d&rsquo;harmonie et le son est produit par un micro qui capte les vibrations des cordes m\u00e9talliques et les transforme en signal \u00e9lectrique. Dans notre <a href=\"https:\/\/www.buscarinstrumentos.com\/fr\/guitares\/guitares-electriques\/\" target=\"_blank\" rel=\"noopener\">guide de la guitare \u00e9lectrique<\/a>, nous avons parl\u00e9 des diff\u00e9rents types de guitares \u00e9lectriques tels que la <strong>Stratocaster<\/strong>, la Telecaster, la Les Paul, les guitares \u00e0 7 cordes&#8230; Beaucoup de ces types de guitares \u00e9taient en leur temps une premi\u00e8re guitare qui cr\u00e9ait une v\u00e9ritable \u00e9cole. La guitare \u00e9lectrique est adapt\u00e9e \u00e0 des styles tels que le <strong>Rock et le Heavy Metal<\/strong>, mais la v\u00e9rit\u00e9 est qu&rsquo;elles offrent des possibilit\u00e9s infinies et que leur son est totalement personnalisable en modifiant leurs param\u00e8tres avec les potentiom\u00e8tres et en utilisant des p\u00e9dales d&rsquo;effets et toutes sortes d&rsquo;accessoires. C&rsquo;est un avantage, mais en m\u00eame temps cela cause un peu de confusion pour le d\u00e9butant, mais si vous voulez en savoir plus, cliquez sur notre guide ci-dessus. Voici une vid\u00e9o avec une Fender Stratocaster bas\u00e9e sur le mod\u00e8le utilis\u00e9 par le grand Jimmy Hendrix.<\/p>\n<p><iframe loading=\"lazy\" title=\"Fender Jimi Hendrix Stratocaster | Demo and Overview\" width=\"500\" height=\"281\" src=\"https:\/\/www.youtube.com\/embed\/F9PGW15CKb8?feature=oembed\" frameborder=\"0\" allow=\"accelerometer; autoplay; clipboard-write; encrypted-media; gyroscope; picture-in-picture; web-share\" referrerpolicy=\"strict-origin-when-cross-origin\" allowfullscreen><\/iframe><\/p>\n<h2>Amplificateurs de guitare<\/h2>\n<p>Lorsqu&rsquo;on parle de guitares, il faut aussi parler d&rsquo;amplificateurs de guitare. Il existe une grande vari\u00e9t\u00e9 sur le march\u00e9 et <strong>selon la guitare que vous avez choisie, vous utiliserez l&rsquo;une ou<\/strong> l&rsquo;autre. Bien que les guitares dot\u00e9es d&rsquo;une table d&rsquo;harmonie sonnent par elles-m\u00eames, il arrive souvent que le son de la guitare ne soit pas assez puissant pour \u00eatre entendu. Cela peut arriver m\u00eame lors de f\u00eates entre amis. Beaucoup de gens pensent qu&rsquo;une guitare acoustique ou espagnole peut \u00eatre jou\u00e9e dans un restaurant pour 60 personnes et ce n&rsquo;est pas le cas.<strong> Le murmure des gens qui parlent absorbe litt\u00e9ralement le son<\/strong>. En revanche, la guitare \u00e9lectrique a besoin d&rsquo;un amplificateur pour jouer. Parce qu&rsquo;il n&rsquo;a pas de corps, il n&rsquo;a pas de son. En fonction de l&rsquo;amplificateur choisi, nous aurons \u00e0 notre disposition diff\u00e9rents effets et sons. Et bien s\u00fbr, vous aurez besoin de plus ou moins de puissance en fonction de ce que vous voulez faire. Gr\u00e2ce \u00e0 notre guide, vous comprendrez enfin la diff\u00e9rence entre un ampli \u00e0 lampes et un ampli \u00e0 transistors ou s&rsquo;il existe des amplis adapt\u00e9s \u00e0 toutes les guitares&#8230;.. La v\u00e9rit\u00e9 est qu&rsquo;une guitare \u00e9lectrique peut \u00eatre connect\u00e9e \u00e0 des amplis tr\u00e8s simples con\u00e7us pour sonner proprement. Avec les p\u00e9dales d&rsquo;effets, on peut faire beaucoup de choses. Mais lorsque vous voulez atteindre certains niveaux d&rsquo;amplification, vous devez utiliser du mat\u00e9riel lourd. Alors, cliquez sur notre guide et vous saurez quel ampli il vous faut en fonction de votre guitare et du son que vous voulez. Et en m\u00eame temps, vous \u00e9conomiserez beaucoup d&rsquo;argent en sachant ce qu&rsquo;il faut rechercher. Voici une vid\u00e9o de mon ampli portable pr\u00e9f\u00e9r\u00e9 que j&rsquo;utilise avec des amis lorsque nous jouons en plein air. Celui-ci en particulier est adapt\u00e9 \u00e0 tout type de guitare et r\u00e9pond tr\u00e8s, tr\u00e8s bien au volume maximum sans overdriving. Le Roland Cube Street, un best-seller avec une entr\u00e9e micro qui peut aussi \u00eatre utilis\u00e9e pour un clavier ou autre :<\/p>\n<p><iframe loading=\"lazy\" title=\"ROLAND CUBE Street EX Battery-Powered Stereo Amplifier\" width=\"500\" height=\"281\" src=\"https:\/\/www.youtube.com\/embed\/uma95PjVPow?feature=oembed\" frameborder=\"0\" allow=\"accelerometer; autoplay; clipboard-write; encrypted-media; gyroscope; picture-in-picture; web-share\" referrerpolicy=\"strict-origin-when-cross-origin\" allowfullscreen><\/iframe><\/p>\n<h2>Guitare semi-acoustique<\/h2>\n<p>Les guitares semi-acoustiques sont en fait des <strong>guitares \u00e9lectriques avec une table d&rsquo;harmonie<\/strong>. Elles sont id\u00e9ales pour des styles tels que le jazz et le blues. Ils se distinguent \u00e9galement par leur look vintage soign\u00e9, bas\u00e9 sur les mod\u00e8les l\u00e9gendaires de <strong>Gibson<\/strong>. Elles peuvent avoir un corps creux ou semi- creux et sont con\u00e7ues pour avoir un son propre et beau, bien que si vous voulez les soumettre \u00e0 une amplification et une distorsion \u00e9lev\u00e9es comme celles utilis\u00e9es dans les guitares lourdes, il est pr\u00e9f\u00e9rable d&rsquo;acheter une guitare \u00e9lectrique. Sinon, vous risquez d&rsquo;avoir un retour du signal sonore qui sort de la table d&rsquo;harmonie. Bien qu&rsquo;ils soient con\u00e7us pour des sons clairs, ils peuvent \u00e9galement \u00eatre utilis\u00e9s avec des effets, mais sans en faire trop. Si vous voulez en savoir plus, n&rsquo;h\u00e9sitez pas \u00e0 visiter notre guide sur la guitare semi-acoustique. Nous vous informerons \u00e9galement sur les marques, les prix et les mod\u00e8les. Voici une vid\u00e9o de la l\u00e9gende du blues <strong>BB King<\/strong> avec une guitare semi-acoustique :<\/p>\n<p><iframe loading=\"lazy\" title=\"BB King - The Thrill Is Gone\" width=\"500\" height=\"281\" src=\"https:\/\/www.youtube.com\/embed\/BPlsqo2bk2M?feature=oembed\" frameborder=\"0\" allow=\"accelerometer; autoplay; clipboard-write; encrypted-media; gyroscope; picture-in-picture; web-share\" referrerpolicy=\"strict-origin-when-cross-origin\" allowfullscreen><\/iframe><\/p>\n<h2>Guitare Acoustique<\/h2>\n<p>La guitare acoustique est l&rsquo;un des types de guitare les plus populaires aupr\u00e8s des d\u00e9butants. Comme le semi-acoustique, il est souvent utilis\u00e9 dans des styles musicaux tels que le jazz, la pop, le blues et le folk. Il est parfois difficile de comprendre la diff\u00e9rence entre une guitare acoustique et une guitare classique. Les deux ont les m\u00eames \u00e9l\u00e9ments et peuvent m\u00eame avoir le m\u00eame type de cha\u00eenes. Mais aujourd&rsquo;hui, la guitare acoustique se caract\u00e9rise souvent par le fait qu&rsquo;elle est jou\u00e9e avec des <strong>cordes en m\u00e9tal<\/strong> et c&rsquo;est g\u00e9n\u00e9ralement la principale diff\u00e9rence. En revanche, la guitare classique a g\u00e9n\u00e9ralement un manche plus large, la distance entre les cordes est plus grande et les cordes sont en nylon. Les guitares acoustiques sont g\u00e9n\u00e9ralement plus grandes que les guitares classiques et un peu plus ch\u00e8res, bien qu&rsquo;il existe des mod\u00e8les tr\u00e8s abordables par rapport aux autres instruments de musique. Nous vous disons tout sur elles, leurs types et leurs marques dans notre guide des guitares acoustiques. Regardez cette vid\u00e9o de <strong>Jimmy Hendrix<\/strong> jouant le blues sur une guitare acoustique \u00e0 12 cordes :<\/p>\n<p><iframe loading=\"lazy\" title=\"JIMI HENDRIX 12 STRING BLUES - OFFICIAL\" width=\"500\" height=\"281\" src=\"https:\/\/www.youtube.com\/embed\/IPtv14q9ZDg?feature=oembed\" frameborder=\"0\" allow=\"accelerometer; autoplay; clipboard-write; encrypted-media; gyroscope; picture-in-picture; web-share\" referrerpolicy=\"strict-origin-when-cross-origin\" allowfullscreen><\/iframe><\/p>\n<h2>Guitare classique<\/h2>\n<p>Nous terminons avec l&rsquo;une des guitares les plus courantes en Espagne, la guitare classique. Ce type de guitare est g\u00e9n\u00e9ralement<strong> id\u00e9al pour commencer par<\/strong> la guitare acoustique. La v\u00e9rit\u00e9 est que, personnellement, j&rsquo;aime que les gens commencent par des cordes en nylon. Elles sont plus souples et parfois les cordes en m\u00e9tal peuvent \u00eatre un peu dures au d\u00e9part. La guitare classique comprend la guitare espagnole et la guitare flamenco. Nous expliquons leurs diff\u00e9rences dans notre guide sur cette guitare. La guitare classique est tr\u00e8s polyvalente et, avec ses sous-types, elle peut \u00eatre utilis\u00e9e pour tout type de musique. La diff\u00e9rence avec la guitare acoustique est presque une question de son que vous pr\u00e9f\u00e9rez avoir et des styles que vous voulez jouer. Les guitares classiques proposent les mod\u00e8les les moins chers pour les d\u00e9butants, comme par exemple l&rsquo;ultra populaire Yamaha C40. Les guitares acoustiques et les guitares espagnoles peuvent avoir un pr\u00e9ampli fix\u00e9 \u00e0 la table d&rsquo;harmonie, qui est comme un microphone qui transforme l&rsquo;onde sonore produite dans le corps de la guitare en un signal audio \u00e9lectrique. De cette fa\u00e7on, ils peuvent \u00eatre amplifi\u00e9s, bien qu&rsquo;ils aient tendance \u00e0 \u00eatre un peu plus chers ceux qui incluent cela. Voici quelques vid\u00e9os. Dans le premier, une guitare espagnole jou\u00e9e avec la technique du plectre et dans l&rsquo;autre, un sommet de la musique br\u00e9silienne :<\/p>\n<p><iframe loading=\"lazy\" title=\"Muchachito - Te perd\u00ed [LaRedVan]\" width=\"500\" height=\"281\" src=\"https:\/\/www.youtube.com\/embed\/hCmTEt8ZiUI?feature=oembed\" frameborder=\"0\" allow=\"accelerometer; autoplay; clipboard-write; encrypted-media; gyroscope; picture-in-picture; web-share\" referrerpolicy=\"strict-origin-when-cross-origin\" allowfullscreen><\/iframe><\/p>\n<p><iframe loading=\"lazy\" title=\"TOQUINHO &amp; GILBERTO GIL \u2502 Tarde em Itapo\u00e3\" width=\"500\" height=\"375\" src=\"https:\/\/www.youtube.com\/embed\/ThWUQYMX8Yw?feature=oembed\" frameborder=\"0\" allow=\"accelerometer; autoplay; clipboard-write; encrypted-media; gyroscope; picture-in-picture; web-share\" referrerpolicy=\"strict-origin-when-cross-origin\" allowfullscreen><\/iframe><\/p>\n<p>J&rsquo;esp\u00e8re que ce guide vous a plu et si vous l&rsquo;avez aim\u00e9, mettez-le en favoris ou partagez-le sur vos r\u00e9seaux sociaux si vous voulez aider quelqu&rsquo;un d&rsquo;autre \u00e0 comprendre les diff\u00e9rences entre les diff\u00e9rentes guitares, merci de votre lecture !<\/p>\n","protected":false},"excerpt":{"rendered":"<p>La guitare est aujourd&rsquo;hui l&rsquo;instrument de musique le plus populaire au monde et cela est d\u00fb \u00e0 plusieurs facteurs. La guitare est un instrument \u00e0 cordes harmoniques qui peut \u00eatre utilis\u00e9 comme instrument d&rsquo;accompagnement ou comme instrument solo. D&rsquo;autre part, c&rsquo;est un instrument de musique tr\u00e8s facile \u00e0 transporter et dont la courbe d&rsquo;apprentissage est [&hellip;]<\/p>\n","protected":false},"author":2,"featured_media":0,"parent":0,"menu_order":0,"comment_status":"closed","ping_status":"closed","template":"","meta":{"footnotes":""},"class_list":["post-20520","page","type-page","status-publish","hentry"],"_links":{"self":[{"href":"https:\/\/www.buscarinstrumentos.com\/fr\/guitares\/wp-json\/wp\/v2\/pages\/20520","targetHints":{"allow":["GET"]}}],"collection":[{"href":"https:\/\/www.buscarinstrumentos.com\/fr\/guitares\/wp-json\/wp\/v2\/pages"}],"about":[{"href":"https:\/\/www.buscarinstrumentos.com\/fr\/guitares\/wp-json\/wp\/v2\/types\/page"}],"author":[{"embeddable":true,"href":"https:\/\/www.buscarinstrumentos.com\/fr\/guitares\/wp-json\/wp\/v2\/users\/2"}],"replies":[{"embeddable":true,"href":"https:\/\/www.buscarinstrumentos.com\/fr\/guitares\/wp-json\/wp\/v2\/comments?post=20520"}],"version-history":[{"count":3,"href":"https:\/\/www.buscarinstrumentos.com\/fr\/guitares\/wp-json\/wp\/v2\/pages\/20520\/revisions"}],"predecessor-version":[{"id":20523,"href":"https:\/\/www.buscarinstrumentos.com\/fr\/guitares\/wp-json\/wp\/v2\/pages\/20520\/revisions\/20523"}],"wp:attachment":[{"href":"https:\/\/www.buscarinstrumentos.com\/fr\/guitares\/wp-json\/wp\/v2\/media?parent=20520"}],"curies":[{"name":"wp","href":"https:\/\/api.w.org\/{rel}","templated":true}]}}