{"id":4955,"date":"2018-05-22T10:35:25","date_gmt":"2018-05-22T10:35:25","guid":{"rendered":"https:\/\/www.buscarinstrumentos.com\/fr\/?page_id=4955"},"modified":"2021-04-22T15:03:53","modified_gmt":"2021-04-22T15:03:53","slug":"who-are-we","status":"publish","type":"page","link":"https:\/\/www.buscarinstrumentos.com\/fr\/who-are-we\/","title":{"rendered":"Qui sommes-nous ?"},"content":{"rendered":"<h1><strong>Bienvenue sur mon blog<\/strong><\/h1>\n<p><span style=\"width: 100%;\"><a href=\"https:\/\/www.buscarinstrumentos.com\/fr\/wp-content\/uploads\/2018\/04\/retrato-jaime-echague.jpg\" rel=\"\"><img loading=\"lazy\" decoding=\"async\" class=\"aligncenter\" title=\"retrato-jaime-echague\" src=\"\/\/www.buscarinstrumentos.com\/wp-content\/uploads\/2018\/04\/retrato-jaime-echague.jpg\" alt=\"\" width=\"400\" height=\"389\" data-id=\"4753\" \/><\/a><\/span><\/p>\n<p style=\"text-align: center;\">Jaime Echag\u00fce<\/p>\n<p style=\"text-align: center;\">Autor<\/p>\n<h1><\/h1>\n<p>Bonjour ! Je m&rsquo;appelle Jaime Echag\u00fce et je suis le webmaster de ce blog, je suis musicien et multi-instrumentiste. J&rsquo;aime la technologie et le marketing de la musique et si vous voulez en savoir plus sur les raisons qui m&rsquo;ont pouss\u00e9 \u00e0 cr\u00e9er BuscarInstrumentos, je vous invite \u00e0 lire ce qui suit.<\/p>\n<h2>Le d\u00e9but de BuscarInstrumentos.com<\/h2>\n<p>Ce site web est n\u00e9 en 2015 et depuis lors, j&rsquo;\u00e9cris des critiques d&rsquo;instruments de musique. En tant que bon musicien, j&rsquo;ai commenc\u00e9 \u00e0 acheter des instruments de musique en ligne vers 2006. Je me suis rendu compte que l&rsquo;on pouvait obtenir des prix tr\u00e8s avantageux et que ces magasins avaient un stock beaucoup plus important que les magasins physiques.<\/p>\n<p>Il faut dire que chaque fois que je peux acheter dans les magasins physiques, mais souvent il n&rsquo;est pas possible d&rsquo;essayer ce que je cherche parce que directement ils n&rsquo;ont pas beaucoup de vari\u00e9t\u00e9 \u00e0 essayer. C&rsquo;est l\u00e0 que j&rsquo;ai commenc\u00e9 \u00e0 faire des achats en ligne, mais je me suis rendu compte qu&rsquo;il n&rsquo;y avait pas beaucoup d&rsquo;informations en espagnol. Tout \u00e9tait en anglais. Bien que ce soit la version anglaise car de nombreuses personnes m&rsquo;ont demand\u00e9 de traduire le blog.<\/p>\n<p>Mon id\u00e9e avec ce blog est de donner des informations de qualit\u00e9 en espagnol et en anglais sur les instruments de musique et d&rsquo;apporter l&rsquo;aide que j&rsquo;aurais aim\u00e9 avoir il y a plusieurs ann\u00e9es.j&rsquo;esp\u00e8re que vous appr\u00e9cierez mon blog et le trouverez utile. Si vous souhaitez me contacter plus bas, vous pouvez le faire via Facebook ou la page de contact que vous avez en bas de cette page. Et bien s\u00fbr, n&rsquo;h\u00e9sitez pas \u00e0 partager mon blog si vous pensez qu&rsquo;il pourrait \u00eatre utile \u00e0 quelqu&rsquo;un. Merci de me lire !<\/p>\n","protected":false},"excerpt":{"rendered":"<p>Bienvenue sur mon blog Jaime Echag\u00fce Autor Bonjour ! Je m&rsquo;appelle Jaime Echag\u00fce et je suis le webmaster de ce blog, je suis musicien et multi-instrumentiste. J&rsquo;aime la technologie et le marketing de la musique et si vous voulez en savoir plus sur les raisons qui m&rsquo;ont pouss\u00e9 \u00e0 cr\u00e9er BuscarInstrumentos, je vous invite \u00e0 [&hellip;]<\/p>\n","protected":false},"author":2,"featured_media":0,"parent":0,"menu_order":0,"comment_status":"closed","ping_status":"closed","template":"","meta":{"footnotes":""},"class_list":["post-4955","page","type-page","status-publish","hentry"],"_links":{"self":[{"href":"https:\/\/www.buscarinstrumentos.com\/fr\/wp-json\/wp\/v2\/pages\/4955","targetHints":{"allow":["GET"]}}],"collection":[{"href":"https:\/\/www.buscarinstrumentos.com\/fr\/wp-json\/wp\/v2\/pages"}],"about":[{"href":"https:\/\/www.buscarinstrumentos.com\/fr\/wp-json\/wp\/v2\/types\/page"}],"author":[{"embeddable":true,"href":"https:\/\/www.buscarinstrumentos.com\/fr\/wp-json\/wp\/v2\/users\/2"}],"replies":[{"embeddable":true,"href":"https:\/\/www.buscarinstrumentos.com\/fr\/wp-json\/wp\/v2\/comments?post=4955"}],"version-history":[{"count":4,"href":"https:\/\/www.buscarinstrumentos.com\/fr\/wp-json\/wp\/v2\/pages\/4955\/revisions"}],"predecessor-version":[{"id":16290,"href":"https:\/\/www.buscarinstrumentos.com\/fr\/wp-json\/wp\/v2\/pages\/4955\/revisions\/16290"}],"wp:attachment":[{"href":"https:\/\/www.buscarinstrumentos.com\/fr\/wp-json\/wp\/v2\/media?parent=4955"}],"curies":[{"name":"wp","href":"https:\/\/api.w.org\/{rel}","templated":true}]}}