{"id":6305,"date":"2019-03-19T20:03:52","date_gmt":"2019-03-19T20:03:52","guid":{"rendered":"https:\/\/www.buscarinstrumentos.com\/saxofones\/?page_id=6305"},"modified":"2021-04-29T12:58:08","modified_gmt":"2021-04-29T12:58:08","slug":"saxofon-tenor","status":"publish","type":"page","link":"https:\/\/www.buscarinstrumentos.com\/saxofones\/saxofon-tenor\/","title":{"rendered":"Gu\u00eda Saxofones tenor"},"content":{"rendered":"<p><a href=\"https:\/\/www.buscarinstrumentos.com\/saxofones\/\" target=\"_blank\" rel=\"noopener\">&lt;&lt; Volver a la p\u00e1gina principal de saxofones<\/a><\/p>\n<h1>Selecciones Saxof\u00f3n Tenor<\/h1>\n<ul>\n<li><a href=\"https:\/\/www.buscarinstrumentos.com\/saxofones\/mejores-saxofones-tenor-principiante\/\" target=\"_blank\" rel=\"noopener\">Saxofones Tenor Principiante<\/a><\/li>\n<li><a href=\"https:\/\/www.buscarinstrumentos.com\/saxofones\/mejores-saxofones-tenor-profesionales\/\" target=\"_blank\" rel=\"noopener\">Saxofones Tenor Profesionales<\/a><\/li>\n<li><a href=\"https:\/\/www.buscarinstrumentos.com\/saxofones\/mejores-boquillas-saxo-tenor-principiante\/\" target=\"_blank\" rel=\"noopener\">Boquillas Saxo Tenor Principiantes<\/a><\/li>\n<\/ul>\n<h1>Selecciones Saxo Tenor por Marca<\/h1>\n<ul>\n<li><a href=\"https:\/\/www.buscarinstrumentos.com\/saxofones\/saxofon-tenor-yamaha\/\" target=\"_blank\" rel=\"noopener\">Yamaha<\/a><\/li>\n<li><a href=\"https:\/\/www.buscarinstrumentos.com\/saxofones\/saxofones-tenor-jupiter\/\" target=\"_blank\" rel=\"noopener\">Jupiter<\/a><\/li>\n<li><a href=\"https:\/\/www.buscarinstrumentos.com\/saxofones\/saxofones-tenor-thomann\/\" target=\"_blank\" rel=\"noopener\">Thomann<\/a><\/li>\n<li><a href=\"https:\/\/www.buscarinstrumentos.com\/saxofones\/saxofones-tenor-paul-mauriat\/\" target=\"_blank\" rel=\"noopener\">Paul Mauriat<\/a><\/li>\n<li><a href=\"https:\/\/www.buscarinstrumentos.com\/saxofones\/saxofones-tenor-selmer\/\" target=\"_blank\" rel=\"noopener\">Selmer<\/a><\/li>\n<li><a href=\"https:\/\/www.buscarinstrumentos.com\/saxofones\/saxofones-tenor-forestone\/\" target=\"_blank\" rel=\"noopener\">Forestone<\/a><\/li>\n<li><a href=\"https:\/\/www.buscarinstrumentos.com\/saxofones\/saxofones-tenor-keilwerth\/\" target=\"_blank\" rel=\"noopener\">Keilwerth\/<\/a><\/li>\n<li><a href=\"https:\/\/www.buscarinstrumentos.com\/saxofones\/saxofones-tenor-rampone-cazzani\/\" target=\"_blank\" rel=\"noopener\">Rampone-cazzani<\/a><\/li>\n<\/ul>\n[toc]\n<h1>La gu\u00eda b\u00e1sica del saxof\u00f3n tenor<\/h1>\n<p>En esta gu\u00eda te voy a hablar de los conceptos b\u00e1sicos que tienes que saber sobre el saxof\u00f3n tenor para que sepas si realmente es el que te conviene <strong>comprar para empezar como principiante.<\/strong><\/p>\n<p>Adem\u00e1s veremos que <strong>boquilla de saxo tenor<\/strong> debes elegir ya que es un factor muy importante que condiciona el timbre y la afinaci\u00f3n del saxo.&nbsp;<\/p>\n<p>Y por supuesto en este post hablaremos de algo que seguro que te interesa mucho. Si, lo s\u00e9, <strong>que precios<\/strong> hay en el mercado para los saxos que te convienen.<\/p>\n<p><strong>El saxof\u00f3n tenor y el saxof\u00f3n alto son los saxofones m\u00e1s populares<\/strong> y las su vez son el instrumentos de viento m\u00e1s popular que existe hoy en d\u00eda, por encima del clarinete y la trompeta. Basta con ver una big band de vientos para darse cuenta que la proporci\u00f3n de saxofones es muy superior a la de cualquier otro instrumentos de viento como la trompeta, el tromb\u00f3n, etc.<\/p>\n<p><strong>La diferencia entre el saxof\u00f3n tenor y el saxof\u00f3n alto es el registro y el tama\u00f1o<\/strong>. El saxof\u00f3n tenor alcanza notas m\u00e1s graves y tiene un peso de 3,5 kg frente a los 2,5 kg que suele pesar un saxof\u00f3n tenor.<\/p>\n<p>C\u00f3mo bien explico en la <a href=\"https:\/\/www.buscarinstrumentos.com\/saxofones\/el-saxofon\/\" target=\"_blank\" rel=\"noopener\">gu\u00eda b\u00e1sica del saxof\u00f3n<\/a>, que te recomiendo leer, el saxof\u00f3n es realmente una <strong>mejora del clarinete <\/strong>inventado originalmente por Adolphe Sax hace unos 170 a\u00f1os y a partir de ah\u00ed ha tenido mejoras continuas, principalmente ergon\u00f3micas.<\/p>\n<h2>\u00bfCu\u00e1nto cuesta un saxof\u00f3n tenor?<\/h2>\n<p>Vamos a empezar contestando a las preguntas que s\u00e9 que te impacientan jajaja. el <strong>saxof\u00f3n tenor suele tener precio ligeramente superior al del saxof\u00f3n alto<\/strong>. Esto ocurre porque es m\u00e1s grande y requiere m\u00e1s material y tambi\u00e9n que se venden algunas unidades menos con lo que se encarece.<\/p>\n<p><strong>El Saxof\u00f3n m\u00e1s comprado es el saxof\u00f3n alto<\/strong> pero es muy normal que un saxofonista evolucione luego al saxof\u00f3n tenor pues es un registro muy atractivo.<\/p>\n<p>Tienes saxofones tenor con un precio desde 300 \u20ac en adelante pero es importante que tengas en cuenta que no se recomienda el m\u00e1s barato.. (claro, y dir\u00e1s que listo..). A ver, ni el m\u00e1s barato ni el m\u00e1s caro y te voy dar soluciones pr\u00e1cticas.<\/p>\n<p>Es mejor invertir un poco m\u00e1s e irte m\u00ednimo a un saxof\u00f3n que cueste <strong>450 o 500 euros<\/strong> y le pones una <strong>boquilla nueva<\/strong> con la que sea f\u00e1cil afinar. Si te compras un saxof\u00f3n ultra barato de 300 euros:<\/p>\n<ul>\n<li><strong>Te va costar mucho sacar ciertas notas<\/strong> como los graves del saxof\u00f3n tenor que de por s\u00ed son dif\u00edciles.<\/li>\n<li>El saxof\u00f3n tenor es grande y es f\u00e1cil que le des micro golpes que hacen que se desajuste con facilidad, esto en un saxof\u00f3n tenor malo va a conseguir que te suicides.<\/li>\n<li><strong>Va a hacer que aprendas a tocar el saxof\u00f3n mucho m\u00e1s lento<\/strong> y de una forma m\u00e1s frustrante.<\/li>\n<\/ul>\n<p>Bien, m\u00e1s adelante tratar\u00e9 las marcas y seguir\u00e9 con el tema de que saxof\u00f3n comprar. esto ha sido un adelanto para que no te vayas de este tochazo de post. Te tengo que contar m\u00e1s cosas.<\/p>\n<h2>Saxof\u00f3n tenor y saxof\u00f3n alto \u00bfCu\u00e1l elegir?<\/h2>\n<p>Vale, normalmente para un principiante se recomiendo <strong>empezar por un saxo alto<\/strong> y luego por un tenor. Aunque el saxo alto es m\u00e1s \u00abfiestero\u00bb y suele ser m\u00e1s instrumento solista el saxo tenor tambi\u00e9n puede serlo y es el favorito de muchos saxofonistas como <strong>Stan Getz<\/strong>. Pero vamos que este en su casa ten\u00edas saxofones de todo tipo.<\/p>\n<p><strong>Con ambos saxofones puedes tocar cualquier tema y unirte a cualquier grupo musical<\/strong>. Si eres el \u00fanico viento nadie te va a poner pegas porque tengas un alto o un tenor, como no hay un contraste con otros vientos.<\/p>\n<p><span style=\"width: 100%;\"><a href=\"https:\/\/www.buscarinstrumentos.com\/saxofones\/wp-content\/uploads\/2018\/04\/tipos-de-saxo.jpg\" rel=\"\"><img loading=\"lazy\" decoding=\"async\" alt=\"Tipos de saxof\u00f3n\" width=\"600\" height=\"350\" title=\"tipos-de-saxo\" data-id=\"4786\" src=\"https:\/\/www.buscarinstrumentos.com\/saxofones\/wp-content\/uploads\/2018\/04\/tipos-de-saxo.jpg\" style=\"width: 100%;\" scale=\"0\"><\/a><\/span><\/p>\n<p>Si tocas con m\u00e1s vientos como por ejemplo en un grupo de reaggae lo normal es que haya voces m\u00e1s agudas y otras m\u00e1s graves. Combinaciones que son normales: un saxo alto y un tromb\u00f3n como instrumento grave o un trompeta como instrumento agudo y un saxof\u00f3n tenor como instrumento grave&#8230;<\/p>\n<p><strong>Los graves del saxof\u00f3n tenor no son notas f\u00e1ciles<\/strong>, esto hace que el saxof\u00f3n alto sea m\u00e1s f\u00e1cil de tocar y esto provoca que se aconseje tambi\u00e9n empezar por \u00e9l. Luego est\u00e1 muy bien tener ambos para ir variando o puedes vender el alto de segunda mano y te compras luego un saxof\u00f3n tenor.<\/p>\n<p>Te pongo dos v\u00eddeos muy representativos, por un lado el saxofonista tenor <strong>Stan Getz<\/strong> en este tema de la<strong> Chica de Ipanema <\/strong>(empieza desde donde empieza la frase de su saxo)<\/p>\n<p>Y por otro lado te pongo un tema de <strong>Charlie Parker<\/strong>, uno de los principales referentes del Jazz tocando con el trompeta<strong> Miles Davis <\/strong>(primero va la trompeta, luego el saxo alto de Parker)<\/p>\n<h2>\u00bfElegir el saxof\u00f3n tenor para un ni\u00f1o?<\/h2>\n<p><strong>El saxof\u00f3n tenor es un instrumento m\u00e1s grande que el saxof\u00f3n alto y yo lo recomiendo a partir de 12 a\u00f1os<\/strong>. Todo se puede hacer evidentemente pero tiene m\u00e1s sentido un saxof\u00f3n alto que suele pesar unos 2,5 kg y es m\u00e1s manejable.<\/p>\n<p>Despu\u00e9s te hablar\u00e9 del tipo de colgante que es mejor y te hablar\u00e9 de los arneses para evitar problemas de cuello y espalda. Adem\u00e1s voy a tener en cuenta este aspecto al hablarte de mochilas y fundas de saxof\u00f3n tenor.<\/p>\n<p>vale en este punto te recomiendo que visites mi post con el <a href=\"https:\/\/www.buscarinstrumentos.com\/saxofones\/mejores-saxofones-tenor-principiante\/\" target=\"_blank\" rel=\"noopener\">ranking de los mejores saxofones tenor para principiantes<\/a>.<\/p>\n<h2>Boquillas de saxof\u00f3n tenor<\/h2>\n<p>Las boquilla es un elemento b\u00e1sico del saxof\u00f3n tenor. La boquilla de saxo tenor perfecta para un principiante es aquella que hacer que el instrumento sea <strong>\u00abf\u00e1cil\u00bb<\/strong> de tocar. Y adem\u00e1s que el sonido sea sencillo de controlar as\u00ed como la afinaci\u00f3n de cada nota.<\/p>\n<p><strong>Las boquillas de saxof\u00f3n tenor vienen clasificadas en base a su abertura<\/strong>. Cuanto m\u00e1s abiertas m\u00e1s proyecci\u00f3n y un sonido m\u00e1s brillante pero son m\u00e1s dif\u00edciles de controlar. Cuanto m\u00e1s cerrada sea la boquilla sonido m\u00e1s redondo y m\u00e1s f\u00e1cil de controlar.<\/p>\n<p><strong>Lo normal para un principiante es empezar con una boquilla de abertura media<\/strong>.<\/p>\n<p>Las boquillas de saxo tenor pueden ser de <strong>ebonita <\/strong>(las negras) o de <strong>metal<\/strong>. No es que unas sean mejores o peores que las otras, son diferentes y puedes preferir un timbre u otro.&nbsp;<\/p>\n<p><span style=\"width: 100%;\"><a href=\"https:\/\/www.buscarinstrumentos.com\/saxofones\/wp-content\/uploads\/2018\/04\/difrencia-boquilla-ebonita-y-metalica.jpg\" rel=\"\"><img loading=\"lazy\" decoding=\"async\" alt=\"diferencia entre boquilla ebonita y metalica\" width=\"600\" height=\"350\" title=\"difrencia-boquilla-ebonita-y-metalica\" data-id=\"4787\" src=\"https:\/\/www.buscarinstrumentos.com\/saxofones\/wp-content\/uploads\/2018\/04\/difrencia-boquilla-ebonita-y-metalica.jpg\" style=\"width: 100%;\" scale=\"0\"><\/a><\/span><\/p>\n<p>Pero te preguntar\u00e1s que boquilla elegir sino tengo ni idea. Porque cuando uno ya sabe tocar puedes probarlas y sabes cual te gusta porque ya te suena el saxof\u00f3n bien pero sino sabes tocar eso es imposible. Pero hay unas boquillas con las que seguro no te equivocas y que cualquier profesor recomendar\u00eda y te las pongo en mi selecci\u00f3n de <a href=\"https:\/\/www.buscarinstrumentos.com\/saxofones\/mejores-boquillas-saxo-tenor-principiante\/\" target=\"_blank\" rel=\"noopener\">boquillas de saxo tenor para principiantes<\/a>.<\/p>\n<p><strong>Marcas ideales<\/strong> para principiantes son <strong>Otto Link, Meyer y Selme<\/strong>r, pero vamos, echa un vistazo al enlace que te puesto antes, ah\u00ed las tienes con abertura espec\u00edfica que necesitas. <strong>Otto lInk y Meyer mejor para moderno<\/strong> (Jazz, Funk, etc) y la Selmer es la m\u00e1s f\u00e1cil de tocar e ideal para cl\u00e1sico y conservatorio.<\/p>\n<h2>Marcas de saxof\u00f3n tenor populares<\/h2>\n<p>Hay muchas marcas de saxof\u00f3n pero actualmente en el mercado para saxones de estudio destacan:<\/p>\n<ul>\n<li>Yamaha<\/li>\n<li>J\u00fapiter<\/li>\n<li>Thomann&nbsp;<\/li>\n<li>Amati<\/li>\n<li>Consolat del Mar (aunque por estos precios prefiero los Thomann)<\/li>\n<\/ul>\n<p>Yamaha es la l\u00edder en ventas lo que pasa que su modelo de estudio se sit\u00faa sobre los 1000 euros y en verdad merece la pena porque lo que ahorras en dolores de cabeza y clases. Los J\u00fapiter tambi\u00e9n rondan ese precio. Si quieres uno m\u00e1s barato yo recomiendo un <strong>saxo tenor Thomann <\/strong>con una buena boquilla. Aqu\u00ed te vuelvo a enlazar mi <a href=\"https:\/\/www.buscarinstrumentos.com\/saxofones\/mejores-saxofones-tenor-principiante\/\" target=\"_blank\" rel=\"noopener\">post con los mejores saxofones para principiantes que seguro te ser\u00e1 super \u00fatil<\/a>.<\/p>\n<p>Seguro que encuentras tambi\u00e9n interesante mi post con los <a href=\"https:\/\/www.buscarinstrumentos.com\/saxofones\/saxofon-tenor-yamaha\/\" target=\"_blank\" rel=\"noopener\">saxofones tenor Yamaha<\/a> pues son los m\u00e1s m\u00e1s vendidos hoy en d\u00eda.<\/p>\n<p>Para <strong>saxofones tenor profesionales (por encima de los 1500\u20ac) <\/strong>podemos encontrar de primera mano:<\/p>\n<ul>\n<li>Yamaha<\/li>\n<li>Yanagisawa<\/li>\n<li>P.Mauriat<\/li>\n<li>Selmer<\/li>\n<li>Keilwerth<\/li>\n<li>Forestone<\/li>\n<\/ul>\n<p>Tenemos lo modelos m\u00e1s asequibles y con m\u00e1s ventas en los Yamaha con el modelo <a href=\"https:\/\/www.buscarinstrumentos.com\/saxofones\/yamaha-yts-62\/\" target=\"_blank\" rel=\"noopener\">Yamaha YTS 62<\/a> que ronda los 2500 euros y que compite con los tenor P.Mauriat que est\u00e1n subiendo mucho en reputaci\u00f3n. Sobre todo a la gente le gusta la apariencia vintage.<\/p>\n<p>Ya con una variedad intermedia est\u00e1 <strong>Keilwerth<\/strong>, esta marca alemana es muy reputada en el mercado de segunda mano y tiene ejemplares por unos <strong>3000 euros<\/strong>.<\/p>\n<p>Luego est\u00e1n la franja de los <strong>4000 euros o m\u00e1s<\/strong>, en ella los reyes son<strong> Selmer y Yanagisawa<\/strong>.<\/p>\n<p><a href=\"https:\/\/www.buscarinstrumentos.com\/saxofones\/mejores-saxofones-tenor-profesionales\/\" target=\"_blank\" rel=\"noopener\">Te dejo mi selecci\u00f3n con los mejores saxofones tenor profesionales<\/a>.<\/p>\n<h2>Comprar un saxof\u00f3n tenor de segunda mano<\/h2>\n<p><strong>Se puede ahorrar mucho dinero comprando un saxof\u00f3n tenor de segunda mano<\/strong>, el problema es que no puedes ser principiante para buscarlo. O al menos tienes que ir con alguien que sepa tocar bien para probarlo.<\/p>\n<p>Si no puedes sacar las notas o hacer bien una escala <strong>dif\u00edcilmente podr\u00e1s saber si est\u00e1 desajustado<\/strong> o si se le escapa el aire por alg\u00fan lado. Con lo que luego te tendr\u00e1s que gastar un dineral el el luthier.<\/p>\n<p>Resumiendo, <strong>solo compra de segunda mano si sabes tocar y lo puedes probar o tienes a alguien que lo pruebe por ti<\/strong>.<\/p>\n<p>En el mercado de segunda mano de los saxofones tenor hay buenas oportunidades con marcas como <strong>Conn <\/strong>o los saxofones tenor <strong>King<\/strong>. <strong>Pero pueden ser copias y timarte<\/strong>, hay que comprobar el n\u00famero de serie aunque si suenan de miedo pues probablemente no sean una copia, eso lo nota alguien experimentado.<\/p>\n<p><strong>Otra pregunta es si es mejor un saxofon vintage o uno moderno<\/strong>. Hay mucho mito respecto a esto, es cierto que hay modelos m\u00edticos como el Selmer Mark VI pero en el fondo los Selmer de ahora tienen una ergonom\u00eda y dise\u00f1o mucho mejores.&nbsp;<\/p>\n<p>Los saxofones antiguos son mas bien piezas de coleccionista, pues probablemente no traer\u00e1n mejoras como la llave de fa delantera, etc.<\/p>\n<p>Sobre <strong>saxofones tenor baratos de segunda mano<\/strong> que ronden los 300 euros yo evitar\u00eda cualquier marca que no he nombrado en este post, suelen ser saxofones de muy mala calidad y con una mec\u00e1nica nada fiable.<\/p>\n<h3>Arn\u00e9s y colgante de Saxof\u00f3n Tenor<\/h3>\n<p>Cuando te compres tu saxo tenor este muy probablemente te vendr\u00e1 con un colgante como el que puedes ver en la imagen:.<\/p>\n<p><span style=\"width: 100%;\"><a href=\"https:\/\/www.buscarinstrumentos.com\/saxofones\/wp-content\/uploads\/2018\/05\/colgante_saxofon_normal.jpg\" rel=\"\"><img loading=\"lazy\" decoding=\"async\" alt=\"Colgante de Saxof\u00f3n Com\u00fan\" width=\"675\" height=\"243\" title=\"colgante_saxofon_normal\" data-id=\"5004\" src=\"\/\/www.buscarinstrumentos.com\/wp-content\/uploads\/2018\/05\/colgante_saxofon_normal.jpg\" style=\"width: 100%;\" scale=\"0\"><\/a><\/span><\/p>\n<p>Colgante de Saxof\u00f3n Com\u00fan<\/p>\n<p><strong>El saxof\u00f3n tenor pesa bastante<\/strong>, de 3 kg en adelante y si usas uno de esos colgante es muy importante que al menos te venga con un buen apoyo de gomaespuma para la nuca. Aunque como vas a estar muchas horas con tu saxo tenor yo aconsejo mucho m\u00e1s un arn\u00e9s para saxof\u00f3n tenor como los que ver\u00e1s a continuaci\u00f3n.<\/p>\n<p>Es mucho mejor distribuir el peso a los hombros. Adem\u00e1s que yo siento que se toca mucho mejor. Por ejemplo este modelo de la marca Rayzm est\u00e1 a muy buen precio:<\/p>\n<p><span style=\"width: 100%;\"><a href=\"https:\/\/amzn.to\/2Jg9gPf\" rel=\"nofollow noopener\" target=\"_blank\"><img loading=\"lazy\" decoding=\"async\" alt=\"arnes_saxofon_amazon\" width=\"827\" height=\"785\" title=\"arnes_saxofon_rayzm\" data-id=\"5005\" src=\"\/\/www.buscarinstrumentos.com\/wp-content\/uploads\/2018\/05\/arnes_saxofon_rayzm.jpg\" style=\"width: 100%;\" scale=\"0\"><\/a><\/span><\/p>\n<p>Mi favorito y el que yo uso es este de la marca Neotech:<\/p>\n<p><span style=\"width: 100%;\"><a href=\"https:\/\/www.thomann.de\/es\/neotech_soft_harness_kreuzgurt_sax.htm\" rel=\"nofollow noopener\" target=\"_blank\"><img loading=\"lazy\" decoding=\"async\" alt=\"El mejor arn\u00e9s de saxof\u00f3n que he probado\" width=\"577\" height=\"713\" title=\"arnes_saxo_neotech\" data-id=\"5007\" src=\"\/\/www.buscarinstrumentos.com\/wp-content\/uploads\/2018\/05\/arnes_saxo_neotech.jpg\" style=\"width: 100%;\" scale=\"0\"><\/a><\/span><\/p>\n<p>El mejor arn\u00e9s de saxof\u00f3n que he probado<\/p>\n<p>Pero si quieres algo m\u00e1s entre el colgante y el arn\u00e9s atenci\u00f3n a este nuevo aparato tan est\u00e9tico. El <a href=\"https:\/\/www.thomann.de\/es\/saxofones.html\" rel=\"nofollow noopener\" target=\"_blank\">JazzLab Saxhoder<\/a>:<\/p>\n<p><span style=\"width: 100%;\"><a href=\"https:\/\/www.buscarinstrumentos.com\/saxofones\/wp-content\/uploads\/2018\/05\/arnes_saxofon_jazzlab_saxholder.jpg\" rel=\"nofollow noopener\" target=\"_blank\"><img loading=\"lazy\" decoding=\"async\" alt=\"arnes_saxofon_jazzlab_saxholder\" width=\"500\" height=\"289\" title=\"arnes_saxofon_jazzlab_saxholder\" data-id=\"5006\" src=\"\/\/www.buscarinstrumentos.com\/wp-content\/uploads\/2018\/05\/arnes_saxofon_jazzlab_saxholder.jpg\" style=\"width: 100%;\" scale=\"0\"><\/a><\/span><\/p>\n<h2>Ca\u00f1as de saxof\u00f3n tenor para principiantes<\/h2>\n<p>Hay muchos tipo de ca\u00f1as pero si est\u00e1s empezando deber\u00edas de usar una soft (ligera) o dependiendo de la marca la <strong>medida 2<\/strong>. Esto no significa que tu saxo vaya a sonar peor. No pienses en el \u00aba m\u00e1s dureza, mejor sonido\u00bb. <strong>Se puede tocar precioso con ca\u00f1as ligeras<\/strong>.<\/p>\n<p>Es importante lo anteriormente expuesto y tu profesor tambi\u00e9n te lo dir\u00e1 porque sino, te pondr\u00e1s un muro en tu aprendizaje muy grande que como se junte con una mala boquilla al final te crear\u00e1 frustraci\u00f3n y puede que dejes el instrumento. <strong>Es muy importante la progresividad al aprender a tocar el saxof\u00f3n teno<\/strong>r.<\/p>\n<p>Las ca\u00f1as de saxof\u00f3n tenor se clasifican en base a su dureza. Por ejemplo las Vandoren van de 1,5 a 3 las m\u00e1s comunes siendo 1,5 la m\u00e1s f\u00e1cil.<\/p>\n<p>Hay muchas marcas de ca\u00f1as y en el mercado destacan dos marcas actualmente; Vandoren y Rico (<a href=\"https:\/\/www.buscarinstrumentos.com\/saxofones\/comparacion-de-canas-de-saxofon-rico-vs-vandoren\/\" target=\"_blank\" rel=\"noopener\">no dudes en leer mi comparaci\u00f3n de Vandoren vs Rico<\/a>). Yo personalmente que ven\u00eda de clarinete sol\u00eda comprar siempre Vandoren pero la verdad que las Rico en todas sus variantes son ahora mis favoritas.<\/p>\n<p>La fabricaci\u00f3n de una ca\u00f1a no es una ciencia exacta y es muy normal que te compres una caja de 10 y no todas te salgan con la misma dureza. Es ese aspecto yo he encontrado mejor las cajas de Rico (D\u00b4Ario Rico) en todas sus variedades. Aunque tambi\u00e9n hay otras marcas muy conocidas como:<\/p>\n<ul>\n<li>Alexander Reed (Reed significa ca\u00f1a en ingl\u00e9s)<\/li>\n<li>AW Reeds<\/li>\n<li>Bari<\/li>\n<li>Fiberre<\/li>\n<li>Fibracell<\/li>\n<li>Forestone (marca de saxofones muy profesional antes nombrada)<\/li>\n<li>Gara Winds<\/li>\n<li>Glotin<\/li>\n<li>L\u00e9gere<\/li>\n<li>Selmer Paris (muy famosos sus saxofones y por la boquilla Selmer S80 para principiantes)<\/li>\n<\/ul>\n<h2>Estuche para saxof\u00f3n tenor<\/h2>\n<p>Ya sabes que me tomo muy en serio en el tema de la ergonom\u00eda, sobre todo con el saxof\u00f3n tenor que es muy pesado y a veces no es f\u00e1cil conciliar buena protecci\u00f3n con ligereza.<\/p>\n<p>Hay varios tipos de fundas para tu saxo tenor <strong>pero lo importante es que tenga asas de mochila<\/strong> con un buen acolchado para repartir el peso.<\/p>\n<p><span style=\"width: 100%;\"><a href=\"https:\/\/www.buscarinstrumentos.com\/saxofones\/wp-content\/uploads\/2019\/03\/tipos-estuche-saxo-tenor.jpg\" rel=\"\"><img loading=\"lazy\" decoding=\"async\" alt=\"tipos de funda para saxo tenor \" width=\"680\" height=\"794\" title=\"tipos-estuche-saxo-tenor\" data-id=\"6316\" src=\"https:\/\/www.buscarinstrumentos.com\/saxofones\/wp-content\/uploads\/2019\/03\/tipos-estuche-saxo-tenor.jpg\" style=\"width: 100%;\" scale=\"0\"><\/a><\/span><\/p>\n<p>Una vez tenemos una mochila con asas esta puede ser r\u00edgida, semir\u00edgida y blanda. Yo por ejemplo la que me ven\u00eda con el Yamaha YTS 62 directamente la he vendido porque prob\u00e9 a ir con ella un par de veces en transporte p\u00fablico y casi me hago una hernia discal. As\u00ed que cuidadito con esto.<\/p>\n<p>Si te mueves en coche no es problema, lo metes al maletero y ya est\u00e1. En ese caso da un poco igual y lo que importa que el estuche proteja bien el saxof\u00f3n.<\/p>\n<p>Bien, espero que esta gu\u00eda te haya ayudado, otros post que seguro te interesan:<\/p>\n<ul>\n<li><a href=\"https:\/\/www.buscarinstrumentos.com\/saxofones\/mejores-saxofones-alto-principiante\/\" target=\"_blank\" rel=\"noopener\">Ranking con los mejores saxofones alto para principiantes.<\/a><\/li>\n<li><a href=\"https:\/\/www.buscarinstrumentos.com\/saxofones\/el-saxofon\/\" target=\"_blank\" rel=\"noopener\">Gu\u00eda b\u00e1sica del saxof\u00f3n<\/a>.<\/li>\n<li><a href=\"https:\/\/www.buscarinstrumentos.com\/saxofones\/aprender-saxofon\/\" target=\"_blank\" rel=\"noopener\">9 consejos a la hora de aprender a tocar el saxof\u00f3n.<\/a><\/li>\n<\/ul>\n<p style=\"text-align: center;\"><strong><\/strong><\/p>\n<p style=\"text-align: center;\"><strong>&gt;&gt;&gt;&gt;&gt;&gt;&gt;&gt;&gt;<\/strong><\/p><\/p>\n","protected":false},"excerpt":{"rendered":"<p>&lt;&lt; Volver a la p\u00e1gina principal de saxofones Selecciones Saxof\u00f3n Tenor Saxofones Tenor Principiante Saxofones Tenor Profesionales Boquillas Saxo Tenor Principiantes Selecciones Saxo Tenor por Marca Yamaha Jupiter Thomann Paul Mauriat Selmer Forestone Keilwerth\/ Rampone-cazzani [toc] La gu\u00eda b\u00e1sica del saxof\u00f3n tenor En esta gu\u00eda te voy a hablar de los conceptos b\u00e1sicos que tienes [&hellip;]<\/p>\n","protected":false},"author":2,"featured_media":0,"parent":0,"menu_order":0,"comment_status":"closed","ping_status":"closed","template":"","meta":{"footnotes":""},"class_list":["post-6305","page","type-page","status-publish","hentry"],"_links":{"self":[{"href":"https:\/\/www.buscarinstrumentos.com\/saxofones\/wp-json\/wp\/v2\/pages\/6305","targetHints":{"allow":["GET"]}}],"collection":[{"href":"https:\/\/www.buscarinstrumentos.com\/saxofones\/wp-json\/wp\/v2\/pages"}],"about":[{"href":"https:\/\/www.buscarinstrumentos.com\/saxofones\/wp-json\/wp\/v2\/types\/page"}],"author":[{"embeddable":true,"href":"https:\/\/www.buscarinstrumentos.com\/saxofones\/wp-json\/wp\/v2\/users\/2"}],"replies":[{"embeddable":true,"href":"https:\/\/www.buscarinstrumentos.com\/saxofones\/wp-json\/wp\/v2\/comments?post=6305"}],"version-history":[{"count":2,"href":"https:\/\/www.buscarinstrumentos.com\/saxofones\/wp-json\/wp\/v2\/pages\/6305\/revisions"}],"predecessor-version":[{"id":7688,"href":"https:\/\/www.buscarinstrumentos.com\/saxofones\/wp-json\/wp\/v2\/pages\/6305\/revisions\/7688"}],"wp:attachment":[{"href":"https:\/\/www.buscarinstrumentos.com\/saxofones\/wp-json\/wp\/v2\/media?parent=6305"}],"curies":[{"name":"wp","href":"https:\/\/api.w.org\/{rel}","templated":true}]}}